{"id":219,"date":"2013-07-28T19:37:30","date_gmt":"2013-07-28T17:37:30","guid":{"rendered":"http:\/\/www.geld-verdienen-leicht-gemacht.at\/index.html\/?page_id=219"},"modified":"2014-01-04T12:04:56","modified_gmt":"2014-01-04T10:04:56","slug":"im-internet-geld-verdienen","status":"publish","type":"page","link":"http:\/\/geld-verdienen-leicht-gemacht.at\/?page_id=219","title":{"rendered":"Im Internet Geld verdienen"},"content":{"rendered":"<p>Auf dieser Seite m\u00f6chte ich euch ein paar Einnahmequellen f\u00fcr Blogger und Websitenbesitzer etwas n\u00e4her bringen.<\/p>\n<p>Werbung<br \/>\n<!--- Start HTML-Code superclix.de Partnerprogramm 1\/16623 ---><br \/>\n<a href=\"http:\/\/clix.superclix.de\/cgi-bin\/clix.cgi?id=hanzlthomas&#038;pp=1&#038;linknr=16623\" target=\"_blank\"><br \/>\n<img loading=\"lazy\" decoding=\"async\" src=\"http:\/\/www.superclix.de\/clix\/s3-200x300.gif\" width=\"200\" height=\"300\" alt=\"Superclix.de - das Partnerprogramm - Netzwerk\" border=\"0\"><\/a><br \/>\n<!--- Ende HTML-Code superclix.de Partnerprogramm 1\/16623 ---><\/p>\n<h2>Im Internet Geld verdienen<\/h2>\n<p>Betreiber von Websiten oder Blogger, wie ich einer bin, stehen viele Wege offen, schnelles Geld im Internet zu verdienen.<\/p>\n<p>Seit M\u00e4rz 2013 besch\u00e4ftige ich mich mit diesem Thema und habe schon einiges an Erfahrung, mit diversen Einnahmequellen, sammelen k\u00f6nnen.<br \/>\nDiese m\u00f6chte ich euch gerne vorstellen und auf einige auch n\u00e4her eingehen.<\/p>\n<h2>Affilate Marketing<\/h2>\n<p>Mit Affiliate Marketing kann man sehr gute Einnahmen erzielen. Wenn man einen gut besuchten Blog hat und das Vertrauen der Leser gewonnen hat, kommen Produkt-Empfehlungen gut an.<\/p>\n<p>Hier ein paar Empfehlungen, mit denen ich bereits gute Erfahrungen machen konnte:<\/p>\n<p>1. <a href=\"http:\/\/clix.superclix.de\/cgi-bin\/tclix.cgi?id=hanzlthomas&#038;pp=1&#038;linknr=5658\" target=\"_blank\">Superclix<\/a> \u00dcber 700 Partner\u00fcrogramme die alle eine Sofortfreischaltung bieten. Auch Erotik-Programme und andere interessante Nischen sind hier zu finden.<\/p>\n<p>2. <strong>Check24<\/strong> bietet ein sehr gutes Partnerprogramm f\u00fcr Versicherungs-, Strom-, Gas-, DSL-, Handy-, Konto- und Kreditvergleich<\/p>\n<p>3. <strong>Zanox<\/strong> das gr\u00f6\u00dfte deutschsprachige Affiliat-Netzwerk mit vielen bekannten Firmen und Produkten<\/p>\n<p>4. <strong>Affilinet<\/strong> eines der gr\u00f6\u00dften Netzwerke im deutschsprachigen Raum<\/p>\n<h3>Vorteile<\/h3>\n<p>&#8211; diese Form des Internet-Marketings bietet eine hohe Verdienstm\u00f6glichkeit<br \/>\n&#8211; es gibt eine gro\u00dfe Auswahl an Produkten zu verschiedensten Themen<br \/>\n&#8211; man ben\u00f6tigt kein eigenes Produkt<br \/>\n&#8211; mit etwas Geduld und einiges an Zeit ist es eine gute Einnahmequelle um im Internet Geld zu verdienen<\/p>\n<hr>\n<\/hr>\n<h2>Pay per Click<\/h2>\n<p>Mit der &#8222;Pay per Click&#8220;-Werbung verdient man, wie der Name schon verr\u00e4t, pro Click sein Geld im Internet.<br \/>\nIm Anschluss ein Anbieter f\u00fcr euch, mit dem auch ich schon gute Erfahrungen gemacht habe.<\/p>\n<p>1. <a href=\"http:\/\/www.google.com\/adsense\">GoogleAdSense<\/a> der gr\u00f6\u00dfte Pay per Click Anbieter im Internet<\/p>\n<h3>Vorteile<\/h3>\n<p>&#8211; je mehr Traffic, also Seitenzugriffe, desto profitabler<br \/>\n&#8211; kein Pfelegeaufwand<br \/>\n&#8211; keine Mindestanforderungen<\/p>\n<hr>\n<\/hr>\n<p><script type=\"text\/javascript\"><!--\ngoogle_ad_client = \"ca-pub-8353243560055367\";\n\/* TextAnzeige1 *\/\ngoogle_ad_slot = \"3328999530\";\ngoogle_ad_width = 468;\ngoogle_ad_height = 60;\n\/\/-->\n<\/script><br \/>\n<script type=\"text\/javascript\"\nsrc=\"http:\/\/pagead2.googlesyndication.com\/pagead\/show_ads.js\">\n<\/script><\/p>\n","protected":false},"excerpt":{"rendered":"<p>Auf dieser Seite m\u00f6chte ich euch ein paar Einnahmequellen f\u00fcr Blogger und Websitenbesitzer etwas n\u00e4her bringen. Werbung Im Internet Geld verdienen Betreiber von Websiten oder Blogger, wie ich einer bin,<\/p>\n","protected":false},"author":1,"featured_media":0,"parent":0,"menu_order":0,"comment_status":"closed","ping_status":"open","template":"","meta":{"footnotes":""},"_links":{"self":[{"href":"http:\/\/geld-verdienen-leicht-gemacht.at\/index.php?rest_route=\/wp\/v2\/pages\/219"}],"collection":[{"href":"http:\/\/geld-verdienen-leicht-gemacht.at\/index.php?rest_route=\/wp\/v2\/pages"}],"about":[{"href":"http:\/\/geld-verdienen-leicht-gemacht.at\/index.php?rest_route=\/wp\/v2\/types\/page"}],"author":[{"embeddable":true,"href":"http:\/\/geld-verdienen-leicht-gemacht.at\/index.php?rest_route=\/wp\/v2\/users\/1"}],"replies":[{"embeddable":true,"href":"http:\/\/geld-verdienen-leicht-gemacht.at\/index.php?rest_route=%2Fwp%2Fv2%2Fcomments&post=219"}],"version-history":[{"count":72,"href":"http:\/\/geld-verdienen-leicht-gemacht.at\/index.php?rest_route=\/wp\/v2\/pages\/219\/revisions"}],"predecessor-version":[{"id":346,"href":"http:\/\/geld-verdienen-leicht-gemacht.at\/index.php?rest_route=\/wp\/v2\/pages\/219\/revisions\/346"}],"wp:attachment":[{"href":"http:\/\/geld-verdienen-leicht-gemacht.at\/index.php?rest_route=%2Fwp%2Fv2%2Fmedia&parent=219"}],"curies":[{"name":"wp","href":"https:\/\/api.w.org\/{rel}","templated":true}]}}