{"id":23,"date":"2013-04-07T08:46:28","date_gmt":"2013-04-07T08:46:28","guid":{"rendered":"http:\/\/www.geld-verdienen-leicht-gemacht.at\/index.html\/?page_id=23"},"modified":"2014-01-04T12:05:25","modified_gmt":"2014-01-04T10:05:25","slug":"impressum","status":"publish","type":"page","link":"http:\/\/geld-verdienen-leicht-gemacht.at\/?page_id=23","title":{"rendered":"Impressum"},"content":{"rendered":"<p>Angaben gem\u00e4\u00df \u00a7 5 TMG:<\/p>\n<p>Ing. Thomas Hanzl<br \/>\nHeuweg 322<br \/>\n2732 W\u00fcrflach<\/p>\n<p>E-Mail: <a href=\"mailto:info@geld-verdienen-leicht-gemacht.at\">info@geld-verdienen-leicht-gemacht.at<\/a><br \/>\nInternet: www.geld-verdienen-leicht-gemacht.at<\/p>\n<p>Verantwortlich f\u00fcr den Inhalt nach \u00a7 55 Abs. 2 RStV:<br \/>\nIng. Thomas Hanzl<br \/>\nHeuweg 322<br \/>\n2732 W\u00fcrflach<\/p>\n<p><strong>Haftungsausschluss<\/strong><br \/>\n<strong>1. Inhalt des Onlineangebotes<\/strong><br \/>\nDie Inhalte unserer Seiten wurden mit gr\u00f6\u00dfter Sorgfalt erstellt. F\u00fcr die Richtigkeit, Vollst\u00e4ndigkeit und Aktualit\u00e4t der Inhalte k\u00f6nnen wir jedoch keine Gew\u00e4hr \u00fcbernehmen. Als Diensteanbieter sind wir gem\u00e4\u00df \u00a7 7 Abs.1 TMG f\u00fcr eigene Inhalte auf diesen Seiten nach den allgemeinen Gesetzen verantwortlich. Nach \u00a7\u00a7 8 bis 10 TMG sind wir als Diensteanbieter jedoch nicht verpflichtet, \u00fcbermittelte oder gespeicherte fremde Informationen zu \u00fcberwachen oder nach Umst\u00e4nden zu forschen, die auf eine rechtswidrige T\u00e4tigkeit hinweisen. Verpflichtungen zur Entfernung oder Sperrung der Nutzung von Informationen nach den allgemeinen Gesetzen bleiben hiervon unber\u00fchrt. Eine diesbez\u00fcgliche Haftung ist jedoch erst ab dem Zeitpunkt der Kenntnis einer konkreten Rechtsverletzung m\u00f6glich. Bei Bekanntwerden von entsprechenden Rechtsverletzungen werden wir diese Inhalte umgehend entfernen.<br \/>\nHaftungsanspr\u00fcche gegen den Autor, welche sich auf Sch\u00e4den materieller oder ideeller Art beziehen, die durch die Nutzung oder Nichtnutzung der dargebotenen Informationen bzw. durch die Nutzung fehlerhafter und unvollst\u00e4ndiger Informationen verursacht wurden, sind grunds\u00e4tzlich ausgeschlossen, sofern seitens des Autors kein nachweislich vors\u00e4tzliches oder grob fahrl\u00e4ssiges Verschulden vorliegt.<br \/>\nAlle Angebote sind freibleibend und unverbindlich. Der Autor beh\u00e4lt es sich ausdr\u00fccklich vor, Teile der Seiten oder das gesamte Angebot ohne gesonderte Ank\u00fcndigung zu ver\u00e4ndern, zu erg\u00e4nzen, zu l\u00f6schen oder die Ver\u00f6ffentlichung zeitweise oder endg\u00fcltig einzustellen.<\/p>\n<p><strong>2. Verweise und Links<\/strong><br \/>\nBei direkten oder indirekten Verweisen auf fremde Webseiten (\u201cHyperlinks\u201d), die au\u00dferhalb des Verantwortungsbereiches des Autors liegen, w\u00fcrde eine Haftungsverpflichtung ausschlie\u00dflich in dem Fall in Kraft treten, in dem der Autor von den Inhalten Kenntnis hat und es ihm technisch m\u00f6glich und zumutbar w\u00e4re, die Nutzung im Falle rechtswidriger Inhalte zu verhindern. Der Autor erkl\u00e4rt hiermit ausdr\u00fccklich, dass zum Zeitpunkt der Linksetzung keine illegalen Inhalte auf den zu verlinkenden Seiten erkennbar waren. Auf die aktuelle und zuk\u00fcnftige Gestaltung, die Inhalte oder die Urheberschaft der verlinkten\/verkn\u00fcpften Seiten hat der Autor keinerlei Einfluss. Deshalb distanziert er sich hiermit ausdr\u00fccklich von allen Inhalten aller verlinkten \/verkn\u00fcpften Seiten, die nach der Linksetzung ver\u00e4ndert wurden. Diese Feststellung gilt f\u00fcr alle innerhalb des eigenen Internetangebotes gesetzten Links und Verweise sowie f\u00fcr Fremdeintr\u00e4ge in vom Autor eingerichteten G\u00e4steb\u00fcchern, Diskussionsforen, Linkverzeichnissen, Mailinglisten und in allen anderen Formen von Datenbanken, auf deren Inhalt externe Schreibzugriffe m\u00f6glich sind. F\u00fcr illegale, fehlerhafte oder unvollst\u00e4ndige Inhalte und insbesondere f\u00fcr Sch\u00e4den, die aus der Nutzung oder Nichtnutzung solcherart dargebotener Informationen entstehen, haftet allein der Anbieter der Seite, auf welche verwiesen wurde, nicht derjenige, der \u00fcber Links auf die jeweilige Ver\u00f6ffentlichung lediglich verweist.<\/p>\n<p><strong>3. Urheber- und Kennzeichenrecht<\/strong><br \/>\nDer Autor ist bestrebt, in allen Publikationen die Urheberrechte der verwendeten Bilder, Grafiken, Tondokumente, Videosequenzen und Texte zu beachten, von ihm selbst erstellte Bilder, Grafiken, Tondokumente, Videosequenzen und Texte zu nutzen oder auf lizenzfreie Grafiken, Tondokumente, Videosequenzen und Texte zur\u00fcckzugreifen. Alle innerhalb des Internetangebotes genannten und ggf. durch Dritte gesch\u00fctzten Marken- und Warenzeichen unterliegen uneingeschr\u00e4nkt den Bestimmungen des jeweils g\u00fcltigen Kennzeichenrechts und den Besitzrechten der jeweiligen eingetragenen Eigent\u00fcmer. Allein aufgrund der blo\u00dfen Nennung ist nicht der Schluss zu ziehen, dass Markenzeichen nicht durch Rechte Dritter gesch\u00fctzt sind!<br \/>\nDas Copyright f\u00fcr ver\u00f6ffentlichte, vom Autor selbst erstellte Objekte bleibt allein beim Autor der Seiten. Eine Vervielf\u00e4ltigung oder Verwendung solcher Grafiken, Tondokumente, Videosequenzen und Texte in anderen elektronischen oder gedruckten Publikationen ist ohne ausdr\u00fcckliche Zustimmung des Autors nicht gestattet.<\/p>\n<p><strong>4. Datenschutz<\/strong><br \/>\nSofern innerhalb des Internetangebotes die M\u00f6glichkeit zur Eingabe pers\u00f6nlicher oder gesch\u00e4ftlicher Daten (Emailadressen, Namen, Anschriften) besteht, so erfolgt die Preisgabe dieser Daten seitens des Nutzers auf ausdr\u00fccklich freiwilliger Basis. Die Inanspruchnahme und Bezahlung aller angebotenen Dienste ist \u2013 soweit technisch m\u00f6glich und zumutbar \u2013 auch ohne Angabe solcher Daten bzw. unter Angabe anonymisierter Daten oder eines Pseudonyms gestattet. Die Nutzung der im Rahmen des Impressums oder vergleichbarer Angaben ver\u00f6ffentlichten Kontaktdaten wie Postanschriften, Telefon- und Faxnummern sowie Emailadressen durch Dritte zur \u00dcbersendung von nicht ausdr\u00fccklich angeforderten Informationen ist nicht gestattet. Rechtliche Schritte gegen die Versender von sogenannten Spam-Mails bei Verst\u00f6ssen gegen dieses Verbot sind ausdr\u00fccklich vorbehalten.<\/p>\n<p><strong>Google Analytics<\/strong><br \/>\nDiese Website benutzt Google Analytics, einen Webanalysedienst der Google Inc. (\u201cGoogle\u201d). Google Analytics verwendet sog. \u201cCookies\u201d, Textdateien, die auf Ihrem Computer gespeichert werden und die eine Analyse der Benutzung der Website durch Sie erm\u00f6glichen. Die durch den Cookie erzeugten Informationen \u00fcber Ihre Benutzung dieser Website werden in der Regel an einen Server von Google in den USA \u00fcbertragen und dort gespeichert. Im Falle der Aktivierung der IP-Anonymisierung auf dieser Webseite, wird Ihre IP-Adresse von Google jedoch innerhalb von Mitgliedstaaten der Europ\u00e4ischen Union oder in anderen Vertragsstaaten des Abkommens \u00fcber den Europ\u00e4ischen Wirtschaftsraum zuvor gek\u00fcrzt. Nur in Ausnahmef\u00e4llen wird die volle IP-Adresse an einen Server von Google in den USA \u00fcbertragen und dort gek\u00fcrzt. Im Auftrag des Betreibers dieser Website wird Google diese Informationen benutzen, um Ihre Nutzung der Website auszuwerten, um Reports \u00fcber die Websiteaktivit\u00e4ten zusammenzustellen und um weitere mit der Websitenutzung und der Internetnutzung verbundene Dienstleistungen gegen\u00fcber dem Websitebetreiber zu erbringen. Die im Rahmen von Google Analytics von Ihrem Browser \u00fcbermittelte IP-Adresse wird nicht mit anderen Daten von Google zusammengef\u00fchrt. Sie k\u00f6nnen die Speicherung der Cookies durch eine entsprechende Einstellung Ihrer Browser-Software verhindern; wir weisen Sie jedoch darauf hin, dass Sie in diesem Fall gegebenenfalls nicht s\u00e4mtliche Funktionen dieser Website vollumf\u00e4nglich werden nutzen k\u00f6nnen. Sie k\u00f6nnen dar\u00fcber hinaus die Erfassung der durch das Cookie erzeugten und auf Ihre Nutzung der Website bezogenen Daten (inkl. Ihrer IP-Adresse) an Google sowie die Verarbeitung dieser Daten durch Google verhindern, indem sie das unter dem folgenden Link verf\u00fcgbare Browser-Plugin herunterladen und installieren.<\/p>\n<p>Angesichts der Diskussion um den Einsatz von Analysetools mit vollst\u00e4ndigen IP-Adressen m\u00f6chten wir darauf hinweisen, dass diese Website Google Analytics mit der Erweiterung \u201c_anonymizeIp()\u201d verwendet und daher IP-Adressen nur gek\u00fcrzt weiterverarbeitet werden, um eine direkte Personenbeziehbarkeit auszuschlie\u00dfen.<\/p>\n<p><strong>Google AdSense<\/strong><br \/>\nAuf dieser Seite wird Werbung durch Google Adsense angezeigt. Deshalb speichert Ihr Browser eventuell ein von Google Inc. oder Dritten gesendetes Cookie. Dieses Cookie kann durch Google Inc. oder Dritten ausgelesen werden. Um dieses Cookie zu l\u00f6schen oder die Cookiebehandlung generell zu ver\u00e4ndern, konsultieren Sie bitte die Hilfe Ihres Browsers. In der Regel finden sich diese Einstellungen unter Extras -> Einstellungen Datenschutz (Firefox) oder unter Extras -> Internetoptionen -> Datenschutz (Internet Explorer).<br \/>\nWir greifen auf Drittanbieter zur\u00fcck, um Google-AdSense-Anzeigen zu schalten, wenn Sie unsere Website besuchen. Diese Unternehmen nutzen m\u00f6glicherweise Informationen (dies schlie\u00dft nicht Ihren Namen, Ihre Adresse, E-Mail-Adresse oder Telefonnummer ein) zu Ihren Besuchen dieser und anderer Websites, damit Anzeigen zu Produkten und Diensten geschaltet werden k\u00f6nnen, die Sie interessieren. Falls Sie mehr \u00fcber diese Methoden erfahren m\u00f6chten oder wissen m\u00f6chten, welche M\u00f6glichkeiten Sie haben, damit diese Informationen nicht von den Unternehmen verwendet werden k\u00f6nnen, klicken Sie hier.<\/p>\n<p><strong>Google+<\/strong><br \/>\nUnser Internetauftritt verlinkt Services des sozialen Netzwerkes Google +, welches von der Google Inc., 1600 Amphitheatre Parkway, Mountain View, CA 94043, United States betrieben wird (\u201cGoogle\u201d). Beim Besuch unseres Internet-Auftritts werden keine Daten an Google \u00fcbertragen, da keine Plugins von Google eingebunden sind.<\/p>\n<p>Bei einem Klick auf einen Google+ Link oder Google+ Button gelangen Sie jedoch zu Google+ und dort werden Daten durch Google erhoben. Wir haben keinen Einfluss auf den Umfang der Daten, die Google erhebt.<\/p>\n<p>Zweck und Umfang der Datenerhebung und die weitere Verarbeitung und Nutzung der Daten durch Google sowie Ihre diesbez\u00fcglichen Rechte und Einstellungsm\u00f6glichkeiten zum Schutz Ihrer Privatsph\u00e4re entnehmen Sie bitte Googles Datenschutzhinweisen und der FAQ:<\/p>\n<p>Wenn Sie Google+ Mitglied sind und nicht m\u00f6chten, dass Google Daten \u00fcber Sie sammelt und mit Ihren bei Google+ gespeicherten Mitgliedsdaten verkn\u00fcpft, m\u00fcssen Sie sich vor dem Klick auf einen Google+ Link oder einen Google+ Button bei Google+ ausloggen.<\/p>\n<p><strong>Amazon Partnerprogramm<\/strong><br \/>\nPeer Wandiger von Selbstaendig-im-Netz.de ist Teilnehmer des Partnerprogramms von Amazon Europe S.\u00e0.r.l. und Partner des Werbeprogramms, das zur Bereitstellung eines Mediums f\u00fcr Websites konzipiert wurde, mittels dessen durch die Platzierung von Werbeanzeigen und Links zu amazon.de Werbekostenerstattung verdient werden k\u00f6nnen.<\/p>\n<p><strong>5. Rechtswirksamkeit dieses Haftungsausschlusses<\/strong><br \/>\nDieser Haftungsausschluss ist als Teil des Internetangebotes zu betrachten, von dem aus auf diese Seite verwiesen wurde. Sofern Teile oder einzelne Formulierungen dieses Textes der geltenden Rechtslage nicht, nicht mehr oder nicht vollst\u00e4ndig entsprechen sollten, bleiben die \u00fcbrigen Teile des Dokumentes in ihrem Inhalt und ihrer G\u00fcltigkeit davon unber\u00fchrt.<\/p>\n","protected":false},"excerpt":{"rendered":"<p>Angaben gem\u00e4\u00df \u00a7 5 TMG: Ing. Thomas Hanzl Heuweg 322 2732 W\u00fcrflach E-Mail: info@geld-verdienen-leicht-gemacht.at Internet: www.geld-verdienen-leicht-gemacht.at Verantwortlich f\u00fcr den Inhalt nach \u00a7 55 Abs. 2 RStV: Ing. Thomas Hanzl Heuweg<\/p>\n","protected":false},"author":1,"featured_media":0,"parent":0,"menu_order":0,"comment_status":"closed","ping_status":"open","template":"","meta":{"footnotes":""},"_links":{"self":[{"href":"http:\/\/geld-verdienen-leicht-gemacht.at\/index.php?rest_route=\/wp\/v2\/pages\/23"}],"collection":[{"href":"http:\/\/geld-verdienen-leicht-gemacht.at\/index.php?rest_route=\/wp\/v2\/pages"}],"about":[{"href":"http:\/\/geld-verdienen-leicht-gemacht.at\/index.php?rest_route=\/wp\/v2\/types\/page"}],"author":[{"embeddable":true,"href":"http:\/\/geld-verdienen-leicht-gemacht.at\/index.php?rest_route=\/wp\/v2\/users\/1"}],"replies":[{"embeddable":true,"href":"http:\/\/geld-verdienen-leicht-gemacht.at\/index.php?rest_route=%2Fwp%2Fv2%2Fcomments&post=23"}],"version-history":[{"count":14,"href":"http:\/\/geld-verdienen-leicht-gemacht.at\/index.php?rest_route=\/wp\/v2\/pages\/23\/revisions"}],"predecessor-version":[{"id":347,"href":"http:\/\/geld-verdienen-leicht-gemacht.at\/index.php?rest_route=\/wp\/v2\/pages\/23\/revisions\/347"}],"wp:attachment":[{"href":"http:\/\/geld-verdienen-leicht-gemacht.at\/index.php?rest_route=%2Fwp%2Fv2%2Fmedia&parent=23"}],"curies":[{"name":"wp","href":"https:\/\/api.w.org\/{rel}","templated":true}]}}